{"id":41,"date":"2022-07-06T12:25:42","date_gmt":"2022-07-06T10:25:42","guid":{"rendered":"http:\/\/www.wir-lesen-schmid.com\/?page_id=41"},"modified":"2023-01-31T09:49:46","modified_gmt":"2023-01-31T08:49:46","slug":"meine-buecher","status":"publish","type":"page","link":"https:\/\/www.wir-lesen-schmid.com\/?page_id=41","title":{"rendered":"Meine B\u00fccher"},"content":{"rendered":"<div class=\"wp-block-image is-style-default\">\n<figure class=\"aligncenter size-large\"><img loading=\"lazy\" decoding=\"async\" width=\"642\" height=\"1024\" src=\"http:\/\/www.wir-lesen-schmid.com\/wp-content\/uploads\/2022\/07\/Cover_Alarmstufe_Rot_ebook-642x1024.jpg\" alt=\"\" class=\"wp-image-50\" srcset=\"https:\/\/www.wir-lesen-schmid.com\/wp-content\/uploads\/2022\/07\/Cover_Alarmstufe_Rot_ebook-642x1024.jpg 642w, https:\/\/www.wir-lesen-schmid.com\/wp-content\/uploads\/2022\/07\/Cover_Alarmstufe_Rot_ebook-188x300.jpg 188w, https:\/\/www.wir-lesen-schmid.com\/wp-content\/uploads\/2022\/07\/Cover_Alarmstufe_Rot_ebook-768x1226.jpg 768w, https:\/\/www.wir-lesen-schmid.com\/wp-content\/uploads\/2022\/07\/Cover_Alarmstufe_Rot_ebook-963x1536.jpg 963w, https:\/\/www.wir-lesen-schmid.com\/wp-content\/uploads\/2022\/07\/Cover_Alarmstufe_Rot_ebook-1283x2048.jpg 1283w, https:\/\/www.wir-lesen-schmid.com\/wp-content\/uploads\/2022\/07\/Cover_Alarmstufe_Rot_ebook-1200x1915.jpg 1200w, https:\/\/www.wir-lesen-schmid.com\/wp-content\/uploads\/2022\/07\/Cover_Alarmstufe_Rot_ebook-1980x3160.jpg 1980w, https:\/\/www.wir-lesen-schmid.com\/wp-content\/uploads\/2022\/07\/Cover_Alarmstufe_Rot_ebook-scaled.jpg 1604w\" sizes=\"auto, (max-width: 642px) 100vw, 642px\" \/><\/figure>\n<\/div>\n\n\n<p>Eine rote Ampel symbolisiert \u201eHalt!\u201c.<br>Auch im Zusammenleben mit unseren Kindern stehen wir \u00f6fter an solch einer roten Ampel. Wir \u00e4rgern uns \u00fcber Dinge, die unsere Kinder tun oder eben nicht tun, \u00fcber ihre schulischen Leistungen und ihr Sozialverhalten. Dabei vergessen wir, welche Rolle WIR als Eltern bei dieser Entwicklung spielen. In einer Kindheit, die von Druck, Aufmerksamkeit, Lob, Tadel und digitalen Medien gepr\u00e4gt ist, stehen wir vor einer roten Ampel und wundern uns, warum es nicht weitergeht.<\/p>\n\n\n\n<p><strong>In diesem Buch finden Sie die f\u00fcnf S\u00e4ulen f\u00fcr eine Kindheit im gr\u00fcnen Bereich.<\/strong><\/p>\n\n\n\n<ul class=\"wp-block-list\">\n<li>Geborgenheit<\/li>\n\n\n\n<li>Verantwortung<\/li>\n\n\n\n<li>Vorbildwirkung<\/li>\n\n\n\n<li>Schutz der Gesundheit<\/li>\n\n\n\n<li>Selbstbeobachtung<\/li>\n<\/ul>\n\n\n\n<p>Wenn Sie mit Ihrer Familie durch&nbsp;<strong>die gr\u00fcne Ampelphase<\/strong>&nbsp;dahingleiten, dann entfallen ganz viele als negativ angesehene Aspekte von ganz alleine. Im Wort \u201eErziehung\u201c steckt das Wort \u201eziehen\u201c. Das Verh\u00e4ltnis zu Ihrem Kind soll nicht darauf basieren, dass Sie Ihr Kind in eine gewisse Richtung ziehen. Erziehen soll nicht zu einem Kraftakt werden, der Sie zerm\u00fcrbt und Ihrem Kind mehr schadet als hilft.<\/p>\n\n\n\n<p>Mit Hilfe der gr\u00fcnen Ampelfaktoren wird das Heranwachsen Ihres Kindes sowohl f\u00fcr Sie als auch f\u00fcr Ihr Kind ein spannender Ausflug mit abwechslungsreicher Landschaft.<\/p>\n\n\n\n<p>Gute Fahrt!<\/p>\n\n\n\n<p>\u201e<em>Sie sind der Barkeeper, der unter Zugabe der passenden Zutaten einen Cocktail kreieren kann, der sowohl Ihnen schmeckt als auch Ihrem Kind.<\/em><br><em>Viele ,Zutaten\u2018, die Eltern im Laufe ihres Zusammenlebens mit ihren Kindern sauer aufsto\u00dfen, haben sie selbst beigemengt.\u201c<\/em><\/p>\n\n\n\n<p class=\"has-text-align-center\"><strong>Erh\u00e4ltlich \u00fcber Amazon:<\/strong><\/p>\n\n\n\n<ul class=\"wp-block-social-links aligncenter is-layout-flex wp-block-social-links-is-layout-flex\"><li class=\"wp-social-link wp-social-link-amazon  wp-block-social-link\"><a href=\"https:\/\/www.amazon.de\/Alarmstufe-Rot-Kindsein-Ampelphase-kommen\/dp\/3950526609\/ref=sr_1_2?__mk_de_DE=\u00c5M\u00c5\u017d\u00d5\u00d1&#038;crid=10CG7YYA2KPZC&#038;keywords=stefanie+schmid&#038;qid=1675153492&#038;sprefix=stefanie+schmid%2Caps%2C202&#038;sr=8-2\" class=\"wp-block-social-link-anchor\"><svg width=\"24\" height=\"24\" viewBox=\"0 0 24 24\" version=\"1.1\" xmlns=\"http:\/\/www.w3.org\/2000\/svg\" aria-hidden=\"true\" focusable=\"false\"><path d=\"M13.582,8.182C11.934,8.367,9.78,8.49,8.238,9.166c-1.781,0.769-3.03,2.337-3.03,4.644 c0,2.953,1.86,4.429,4.253,4.429c2.02,0,3.125-0.477,4.685-2.065c0.516,0.747,0.685,1.109,1.629,1.894 c0.212,0.114,0.483,0.103,0.672-0.066l0.006,0.006c0.567-0.505,1.599-1.401,2.18-1.888c0.231-0.188,0.19-0.496,0.009-0.754 c-0.52-0.718-1.072-1.303-1.072-2.634V8.305c0-1.876,0.133-3.599-1.249-4.891C15.23,2.369,13.422,2,12.04,2 C9.336,2,6.318,3.01,5.686,6.351C5.618,6.706,5.877,6.893,6.109,6.945l2.754,0.298C9.121,7.23,9.308,6.977,9.357,6.72 c0.236-1.151,1.2-1.706,2.284-1.706c0.584,0,1.249,0.215,1.595,0.738c0.398,0.584,0.346,1.384,0.346,2.061V8.182z M13.049,14.088 c-0.451,0.8-1.169,1.291-1.967,1.291c-1.09,0-1.728-0.83-1.728-2.061c0-2.42,2.171-2.86,4.227-2.86v0.615 C13.582,12.181,13.608,13.104,13.049,14.088z M20.683,19.339C18.329,21.076,14.917,22,11.979,22c-4.118,0-7.826-1.522-10.632-4.057 c-0.22-0.199-0.024-0.471,0.241-0.317c3.027,1.762,6.771,2.823,10.639,2.823c2.608,0,5.476-0.541,8.115-1.66 C20.739,18.62,21.072,19.051,20.683,19.339z M21.336,21.043c-0.194,0.163-0.379,0.076-0.293-0.139 c0.284-0.71,0.92-2.298,0.619-2.684c-0.301-0.386-1.99-0.183-2.749-0.092c-0.23,0.027-0.266-0.173-0.059-0.319 c1.348-0.946,3.555-0.673,3.811-0.356C22.925,17.773,22.599,19.986,21.336,21.043z\"><\/path><\/svg><span class=\"wp-block-social-link-label screen-reader-text\">Amazon<\/span><\/a><\/li><\/ul>\n\n\n\n<hr class=\"wp-block-separator has-alpha-channel-opacity\"\/>\n\n\n\n<figure class=\"wp-block-image\"><img loading=\"lazy\" decoding=\"async\" width=\"642\" height=\"1024\" src=\"http:\/\/www.wir-lesen-schmid.com\/wp-content\/uploads\/2022\/07\/Cover_ebook_Geraeusche-aus-dem-all-2-642x1024.jpg\" alt=\"\" class=\"wp-image-54\" srcset=\"https:\/\/www.wir-lesen-schmid.com\/wp-content\/uploads\/2022\/07\/Cover_ebook_Geraeusche-aus-dem-all-2-642x1024.jpg 642w, https:\/\/www.wir-lesen-schmid.com\/wp-content\/uploads\/2022\/07\/Cover_ebook_Geraeusche-aus-dem-all-2-188x300.jpg 188w, https:\/\/www.wir-lesen-schmid.com\/wp-content\/uploads\/2022\/07\/Cover_ebook_Geraeusche-aus-dem-all-2-768x1226.jpg 768w, https:\/\/www.wir-lesen-schmid.com\/wp-content\/uploads\/2022\/07\/Cover_ebook_Geraeusche-aus-dem-all-2-963x1536.jpg 963w, https:\/\/www.wir-lesen-schmid.com\/wp-content\/uploads\/2022\/07\/Cover_ebook_Geraeusche-aus-dem-all-2-1283x2048.jpg 1283w, https:\/\/www.wir-lesen-schmid.com\/wp-content\/uploads\/2022\/07\/Cover_ebook_Geraeusche-aus-dem-all-2-1200x1915.jpg 1200w, https:\/\/www.wir-lesen-schmid.com\/wp-content\/uploads\/2022\/07\/Cover_ebook_Geraeusche-aus-dem-all-2.jpg 1410w\" sizes=\"auto, (max-width: 642px) 100vw, 642px\" \/><\/figure>\n\n\n\n<p>\u201e<em>Apropos Kn\u00f6del: Wir basteln heute in der Schule die Planeten unseres Sonnensystems nach\u201c, fiel es Tim gerade ein.&nbsp;<\/em><br>\u201e<em>Wie kommst du denn von Kn\u00f6deln auf Planeten?\u201c, fragte Mama verwundert.<\/em><br><br>Das Thema \u201ePlaneten und Weltall\u201c hat Tim schon immer interessiert. Noch interessanter wird es aber, als Tims Lehrerin ihren Sch\u00fclern eine mysteri\u00f6s klingende CD mit Jupiterger\u00e4uschen vorspielt, die daraufhin auf wundersame Weise verschwindet. Das ruft Tim und seine drei Freunde auf den Plan. Wer kann die CD gestohlen haben und warum? Als dann auch noch ein neuer Mitsch\u00fcler in der Klasse auftaucht, erscheint das Geheimnis um ihn pl\u00f6tzlich ein viel gr\u00f6\u00dferes zu sein als nur ein Lausbubenstreich.<br><br>Wer ist Gaston? Und warum war er gerade jetzt aufgetaucht?<\/p>\n\n\n\n<p class=\"has-text-align-center\"><strong>Erh\u00e4ltlich \u00fcber Amazon:<\/strong><\/p>\n\n\n\n<ul class=\"wp-block-social-links aligncenter is-layout-flex wp-block-social-links-is-layout-flex\"><li class=\"wp-social-link wp-social-link-amazon  wp-block-social-link\"><a href=\"https:\/\/www.amazon.de\/Abenteuerei-Ger\u00e4usche-aus-dem-All\/dp\/3950526617\/ref=sr_1_5?__mk_de_DE=\u00c5M\u00c5\u017d\u00d5\u00d1&#038;crid=10CG7YYA2KPZC&#038;keywords=stefanie+schmid&#038;qid=1675153492&#038;sprefix=stefanie+schmid%2Caps%2C202&#038;sr=8-5\" class=\"wp-block-social-link-anchor\"><svg width=\"24\" height=\"24\" viewBox=\"0 0 24 24\" version=\"1.1\" xmlns=\"http:\/\/www.w3.org\/2000\/svg\" aria-hidden=\"true\" focusable=\"false\"><path d=\"M13.582,8.182C11.934,8.367,9.78,8.49,8.238,9.166c-1.781,0.769-3.03,2.337-3.03,4.644 c0,2.953,1.86,4.429,4.253,4.429c2.02,0,3.125-0.477,4.685-2.065c0.516,0.747,0.685,1.109,1.629,1.894 c0.212,0.114,0.483,0.103,0.672-0.066l0.006,0.006c0.567-0.505,1.599-1.401,2.18-1.888c0.231-0.188,0.19-0.496,0.009-0.754 c-0.52-0.718-1.072-1.303-1.072-2.634V8.305c0-1.876,0.133-3.599-1.249-4.891C15.23,2.369,13.422,2,12.04,2 C9.336,2,6.318,3.01,5.686,6.351C5.618,6.706,5.877,6.893,6.109,6.945l2.754,0.298C9.121,7.23,9.308,6.977,9.357,6.72 c0.236-1.151,1.2-1.706,2.284-1.706c0.584,0,1.249,0.215,1.595,0.738c0.398,0.584,0.346,1.384,0.346,2.061V8.182z M13.049,14.088 c-0.451,0.8-1.169,1.291-1.967,1.291c-1.09,0-1.728-0.83-1.728-2.061c0-2.42,2.171-2.86,4.227-2.86v0.615 C13.582,12.181,13.608,13.104,13.049,14.088z M20.683,19.339C18.329,21.076,14.917,22,11.979,22c-4.118,0-7.826-1.522-10.632-4.057 c-0.22-0.199-0.024-0.471,0.241-0.317c3.027,1.762,6.771,2.823,10.639,2.823c2.608,0,5.476-0.541,8.115-1.66 C20.739,18.62,21.072,19.051,20.683,19.339z M21.336,21.043c-0.194,0.163-0.379,0.076-0.293-0.139 c0.284-0.71,0.92-2.298,0.619-2.684c-0.301-0.386-1.99-0.183-2.749-0.092c-0.23,0.027-0.266-0.173-0.059-0.319 c1.348-0.946,3.555-0.673,3.811-0.356C22.925,17.773,22.599,19.986,21.336,21.043z\"><\/path><\/svg><span class=\"wp-block-social-link-label screen-reader-text\">Amazon<\/span><\/a><\/li><\/ul>\n\n\n\n<hr class=\"wp-block-separator has-alpha-channel-opacity\"\/>\n\n\n\n<figure class=\"wp-block-image size-large\"><img loading=\"lazy\" decoding=\"async\" width=\"682\" height=\"1024\" src=\"http:\/\/www.wir-lesen-schmid.com\/wp-content\/uploads\/2022\/07\/ebook_Cover_Tierische-Bewohner-des-ABC-1-682x1024.jpg\" alt=\"\" class=\"wp-image-59\" srcset=\"https:\/\/www.wir-lesen-schmid.com\/wp-content\/uploads\/2022\/07\/ebook_Cover_Tierische-Bewohner-des-ABC-1-682x1024.jpg 682w, https:\/\/www.wir-lesen-schmid.com\/wp-content\/uploads\/2022\/07\/ebook_Cover_Tierische-Bewohner-des-ABC-1-200x300.jpg 200w, https:\/\/www.wir-lesen-schmid.com\/wp-content\/uploads\/2022\/07\/ebook_Cover_Tierische-Bewohner-des-ABC-1-768x1152.jpg 768w, https:\/\/www.wir-lesen-schmid.com\/wp-content\/uploads\/2022\/07\/ebook_Cover_Tierische-Bewohner-des-ABC-1-1024x1536.jpg 1024w, https:\/\/www.wir-lesen-schmid.com\/wp-content\/uploads\/2022\/07\/ebook_Cover_Tierische-Bewohner-des-ABC-1-1200x1800.jpg 1200w, https:\/\/www.wir-lesen-schmid.com\/wp-content\/uploads\/2022\/07\/ebook_Cover_Tierische-Bewohner-des-ABC-1.jpg 1333w\" sizes=\"auto, (max-width: 682px) 100vw, 682px\" \/><\/figure>\n\n\n\n<p>Lerne verschiedene Tiere in lustigen Reimen besser kennen.<\/p>\n\n\n\n<h4 class=\"wp-block-heading\">Von&nbsp;<strong>A<\/strong>&nbsp;wie&nbsp;<strong>Anton<\/strong>&nbsp;<strong>Ameise<\/strong>&nbsp;bis&nbsp;<strong>Z<\/strong>&nbsp;wie&nbsp;<strong>Zitta<\/strong>&nbsp;<strong>Zebra<\/strong>&nbsp;\u2026<\/h4>\n\n\n\n<p>Hier findet jedes Tier einen Platz im Alphabet.<br>Selbst mit dem Buchstaben X l\u00e4sst sich ein merkw\u00fcrdiges Tier finden. Ein Frosch ohne Zunge!<br>Findest du auch die versteckten Buchstaben in den Bildern?<\/p>\n\n\n\n<p>Am Ende des Buches findest du Fragen zu den Reimen? Hast du gut aufgepasst und kannst sie l\u00f6sen?<\/p>\n\n\n\n<p class=\"has-text-align-center\"><strong>Erh\u00e4ltlich \u00fcber Amazon:<\/strong><\/p>\n\n\n\n<ul class=\"wp-block-social-links aligncenter is-layout-flex wp-block-social-links-is-layout-flex\"><li class=\"wp-social-link wp-social-link-amazon  wp-block-social-link\"><a href=\"https:\/\/www.amazon.de\/Tierische-Bewohner-ABC-lustigen-Reimen\/dp\/3950526633\/ref=sr_1_6?__mk_de_DE=\u00c5M\u00c5\u017d\u00d5\u00d1&#038;crid=10CG7YYA2KPZC&#038;keywords=stefanie+schmid&#038;qid=1675153492&#038;sprefix=stefanie+schmid%2Caps%2C202&#038;sr=8-6\" class=\"wp-block-social-link-anchor\"><svg width=\"24\" height=\"24\" viewBox=\"0 0 24 24\" version=\"1.1\" xmlns=\"http:\/\/www.w3.org\/2000\/svg\" aria-hidden=\"true\" focusable=\"false\"><path d=\"M13.582,8.182C11.934,8.367,9.78,8.49,8.238,9.166c-1.781,0.769-3.03,2.337-3.03,4.644 c0,2.953,1.86,4.429,4.253,4.429c2.02,0,3.125-0.477,4.685-2.065c0.516,0.747,0.685,1.109,1.629,1.894 c0.212,0.114,0.483,0.103,0.672-0.066l0.006,0.006c0.567-0.505,1.599-1.401,2.18-1.888c0.231-0.188,0.19-0.496,0.009-0.754 c-0.52-0.718-1.072-1.303-1.072-2.634V8.305c0-1.876,0.133-3.599-1.249-4.891C15.23,2.369,13.422,2,12.04,2 C9.336,2,6.318,3.01,5.686,6.351C5.618,6.706,5.877,6.893,6.109,6.945l2.754,0.298C9.121,7.23,9.308,6.977,9.357,6.72 c0.236-1.151,1.2-1.706,2.284-1.706c0.584,0,1.249,0.215,1.595,0.738c0.398,0.584,0.346,1.384,0.346,2.061V8.182z M13.049,14.088 c-0.451,0.8-1.169,1.291-1.967,1.291c-1.09,0-1.728-0.83-1.728-2.061c0-2.42,2.171-2.86,4.227-2.86v0.615 C13.582,12.181,13.608,13.104,13.049,14.088z M20.683,19.339C18.329,21.076,14.917,22,11.979,22c-4.118,0-7.826-1.522-10.632-4.057 c-0.22-0.199-0.024-0.471,0.241-0.317c3.027,1.762,6.771,2.823,10.639,2.823c2.608,0,5.476-0.541,8.115-1.66 C20.739,18.62,21.072,19.051,20.683,19.339z M21.336,21.043c-0.194,0.163-0.379,0.076-0.293-0.139 c0.284-0.71,0.92-2.298,0.619-2.684c-0.301-0.386-1.99-0.183-2.749-0.092c-0.23,0.027-0.266-0.173-0.059-0.319 c1.348-0.946,3.555-0.673,3.811-0.356C22.925,17.773,22.599,19.986,21.336,21.043z\"><\/path><\/svg><span class=\"wp-block-social-link-label screen-reader-text\">Amazon<\/span><\/a><\/li><\/ul>\n\n\n\n<hr class=\"wp-block-separator has-alpha-channel-opacity\"\/>\n\n\n\n<figure class=\"wp-block-image size-large\"><img loading=\"lazy\" decoding=\"async\" width=\"713\" height=\"1024\" src=\"http:\/\/www.wir-lesen-schmid.com\/wp-content\/uploads\/2022\/10\/Cover_Schlafenszeit1_fuer_Homepage-1-713x1024.png\" alt=\"\" class=\"wp-image-176\" srcset=\"https:\/\/www.wir-lesen-schmid.com\/wp-content\/uploads\/2022\/10\/Cover_Schlafenszeit1_fuer_Homepage-1-713x1024.png 713w, https:\/\/www.wir-lesen-schmid.com\/wp-content\/uploads\/2022\/10\/Cover_Schlafenszeit1_fuer_Homepage-1-209x300.png 209w, https:\/\/www.wir-lesen-schmid.com\/wp-content\/uploads\/2022\/10\/Cover_Schlafenszeit1_fuer_Homepage-1-768x1103.png 768w, https:\/\/www.wir-lesen-schmid.com\/wp-content\/uploads\/2022\/10\/Cover_Schlafenszeit1_fuer_Homepage-1.png 1017w\" sizes=\"auto, (max-width: 713px) 100vw, 713px\" \/><\/figure>\n\n\n\n<p><strong>Tauchen Sie in tierische Abenteuer ein!<\/strong><\/p>\n\n\n\n<p>Von einem Flusspferd, dessen gr\u00f6\u00dfter Wunsch es ist, Zuckerb\u00e4ckerin zu werden, \u00fcber ein Schwein, das ein veganes Gasthaus er\u00f6ffnet, bis hin zu einem Adlerjungen, das H\u00f6henangst hat, sind viele tierisch sch\u00f6ne und lustige Geschichten f\u00fcr alle Altersstufen dabei.<\/p>\n\n\n\n<p><strong>Gemeinsame Lesezeit schafft N\u00e4he und Geborgenheit.<\/strong><\/p>\n\n\n\n<p>Eine Monatsdosis gemeinsamer Kuschel-Lese-Zeit kann im<\/p>\n\n\n\n<p><strong>\u201eEinmal liest du und einmal lese ich\u201c-Stil<\/strong> genossen werden, denn die tierischen Geschichten sind abwechselnd einmal l\u00e4nger und einmal k\u00fcrzer und in gr\u00f6\u00dferer Schrift geschrieben.<\/p>\n\n\n\n<p>Am Ende des Buches k\u00f6nnen Sie in R\u00e4tselfragen gemeinsam mit Ihrem Kind \u00fcberpr\u00fcfen, wer beim Lesen aufgepasst hat und die Geschichten besser kennt.<\/p>\n\n\n\n<p>Decke ausbreiten und los geht\u2019s \u2026<\/p>\n\n\n\n<p class=\"has-text-align-center\"><strong>Erh\u00e4ltlich \u00fcber Amazon:<\/strong><\/p>\n\n\n\n<ul class=\"wp-block-social-links aligncenter is-layout-flex wp-block-social-links-is-layout-flex\"><li class=\"wp-social-link wp-social-link-amazon  wp-block-social-link\"><a href=\"https:\/\/www.amazon.de\/Schlafenszeit-tierische-Kurzgeschichten-Kuschel-Lesezeit-Einmal\/dp\/395052665X\/ref=sr_1_3?__mk_de_DE=\u00c5M\u00c5\u017d\u00d5\u00d1&#038;crid=10CG7YYA2KPZC&#038;keywords=stefanie+schmid&#038;qid=1675153492&#038;sprefix=stefanie+schmid%2Caps%2C202&#038;sr=8-3\" class=\"wp-block-social-link-anchor\"><svg width=\"24\" height=\"24\" viewBox=\"0 0 24 24\" version=\"1.1\" xmlns=\"http:\/\/www.w3.org\/2000\/svg\" aria-hidden=\"true\" focusable=\"false\"><path d=\"M13.582,8.182C11.934,8.367,9.78,8.49,8.238,9.166c-1.781,0.769-3.03,2.337-3.03,4.644 c0,2.953,1.86,4.429,4.253,4.429c2.02,0,3.125-0.477,4.685-2.065c0.516,0.747,0.685,1.109,1.629,1.894 c0.212,0.114,0.483,0.103,0.672-0.066l0.006,0.006c0.567-0.505,1.599-1.401,2.18-1.888c0.231-0.188,0.19-0.496,0.009-0.754 c-0.52-0.718-1.072-1.303-1.072-2.634V8.305c0-1.876,0.133-3.599-1.249-4.891C15.23,2.369,13.422,2,12.04,2 C9.336,2,6.318,3.01,5.686,6.351C5.618,6.706,5.877,6.893,6.109,6.945l2.754,0.298C9.121,7.23,9.308,6.977,9.357,6.72 c0.236-1.151,1.2-1.706,2.284-1.706c0.584,0,1.249,0.215,1.595,0.738c0.398,0.584,0.346,1.384,0.346,2.061V8.182z M13.049,14.088 c-0.451,0.8-1.169,1.291-1.967,1.291c-1.09,0-1.728-0.83-1.728-2.061c0-2.42,2.171-2.86,4.227-2.86v0.615 C13.582,12.181,13.608,13.104,13.049,14.088z M20.683,19.339C18.329,21.076,14.917,22,11.979,22c-4.118,0-7.826-1.522-10.632-4.057 c-0.22-0.199-0.024-0.471,0.241-0.317c3.027,1.762,6.771,2.823,10.639,2.823c2.608,0,5.476-0.541,8.115-1.66 C20.739,18.62,21.072,19.051,20.683,19.339z M21.336,21.043c-0.194,0.163-0.379,0.076-0.293-0.139 c0.284-0.71,0.92-2.298,0.619-2.684c-0.301-0.386-1.99-0.183-2.749-0.092c-0.23,0.027-0.266-0.173-0.059-0.319 c1.348-0.946,3.555-0.673,3.811-0.356C22.925,17.773,22.599,19.986,21.336,21.043z\"><\/path><\/svg><span class=\"wp-block-social-link-label screen-reader-text\">Amazon<\/span><\/a><\/li><\/ul>\n\n\n\n<hr class=\"wp-block-separator has-alpha-channel-opacity\"\/>\n\n\n\n<figure class=\"wp-block-image size-large\"><img loading=\"lazy\" decoding=\"async\" width=\"701\" height=\"1024\" src=\"http:\/\/www.wir-lesen-schmid.com\/wp-content\/uploads\/2022\/11\/ebook_Cover_Winterzeit_1-701x1024.png\" alt=\"\" class=\"wp-image-184\" srcset=\"https:\/\/www.wir-lesen-schmid.com\/wp-content\/uploads\/2022\/11\/ebook_Cover_Winterzeit_1-701x1024.png 701w, https:\/\/www.wir-lesen-schmid.com\/wp-content\/uploads\/2022\/11\/ebook_Cover_Winterzeit_1-205x300.png 205w, https:\/\/www.wir-lesen-schmid.com\/wp-content\/uploads\/2022\/11\/ebook_Cover_Winterzeit_1-768x1122.png 768w, https:\/\/www.wir-lesen-schmid.com\/wp-content\/uploads\/2022\/11\/ebook_Cover_Winterzeit_1.png 962w\" sizes=\"auto, (max-width: 701px) 100vw, 701px\" \/><\/figure>\n\n\n\n<p><strong>Tauchen Sie in weihnachtliche Abenteuer ein!<\/strong><\/p>\n\n\n\n<p>Von einem tierischen Detektiv, der einen falschen Nikolaus \u00fcberf\u00fchrt, \u00fcber ein Weihnachtskonzert, das nicht nach Plan verl\u00e4uft, bis hin zu einer Spinne, die ihre Ferien auf den Bahamas verbringt, um dem kalten Wetter zu entfliehen, sind viele tierisch sch\u00f6ne und weihnachtliche Geschichten dabei.<\/p>\n\n\n\n<p><strong>Gemeinsame Lesezeit schafft N\u00e4he und Geborgenheit.<\/strong><\/p>\n\n\n\n<p>Tierisch sch\u00f6ne Geschichten f\u00fcr die Tage vor Weihnachten k\u00f6nnen im \u201e<strong>Einmal liest du und einmal lese ich\u201c-Stil<\/strong> genossen werden, denn die weihnachtlichen Geschichten sind abwechselnd einmal l\u00e4nger und einmal k\u00fcrzer und in gr\u00f6\u00dferer Schrift geschrieben.<\/p>\n\n\n\n<p>Am Ende des Buches k\u00f6nnen Sie in&nbsp;R\u00e4tselfragen gemeinsam mit Ihrem Kind \u00fcberpr\u00fcfen, wer beim Lesen aufgepasst hat und die Geschichten besser kennt.<\/p>\n\n\n\n<p>Decke ausbreiten, Kekse essen und los geht\u2019s \u2026<\/p>\n\n\n\n<p class=\"has-text-align-center\"><strong>Erh\u00e4ltlich \u00fcber Amazon<\/strong>:<\/p>\n\n\n\n<ul class=\"wp-block-social-links aligncenter is-layout-flex wp-block-social-links-is-layout-flex\"><li class=\"wp-social-link wp-social-link-amazon  wp-block-social-link\"><a href=\"https:\/\/www.amazon.de\/Winterzeit-Geschichten-Weihnachten-Geborgenheit-Kurzgeschichten\/dp\/3950526668\/ref=sr_1_1?__mk_de_DE=\u00c5M\u00c5\u017d\u00d5\u00d1&#038;crid=10CG7YYA2KPZC&#038;keywords=stefanie+schmid&#038;qid=1675153492&#038;sprefix=stefanie+schmid%2Caps%2C202&#038;sr=8-1\" class=\"wp-block-social-link-anchor\"><svg width=\"24\" height=\"24\" viewBox=\"0 0 24 24\" version=\"1.1\" xmlns=\"http:\/\/www.w3.org\/2000\/svg\" aria-hidden=\"true\" focusable=\"false\"><path d=\"M13.582,8.182C11.934,8.367,9.78,8.49,8.238,9.166c-1.781,0.769-3.03,2.337-3.03,4.644 c0,2.953,1.86,4.429,4.253,4.429c2.02,0,3.125-0.477,4.685-2.065c0.516,0.747,0.685,1.109,1.629,1.894 c0.212,0.114,0.483,0.103,0.672-0.066l0.006,0.006c0.567-0.505,1.599-1.401,2.18-1.888c0.231-0.188,0.19-0.496,0.009-0.754 c-0.52-0.718-1.072-1.303-1.072-2.634V8.305c0-1.876,0.133-3.599-1.249-4.891C15.23,2.369,13.422,2,12.04,2 C9.336,2,6.318,3.01,5.686,6.351C5.618,6.706,5.877,6.893,6.109,6.945l2.754,0.298C9.121,7.23,9.308,6.977,9.357,6.72 c0.236-1.151,1.2-1.706,2.284-1.706c0.584,0,1.249,0.215,1.595,0.738c0.398,0.584,0.346,1.384,0.346,2.061V8.182z M13.049,14.088 c-0.451,0.8-1.169,1.291-1.967,1.291c-1.09,0-1.728-0.83-1.728-2.061c0-2.42,2.171-2.86,4.227-2.86v0.615 C13.582,12.181,13.608,13.104,13.049,14.088z M20.683,19.339C18.329,21.076,14.917,22,11.979,22c-4.118,0-7.826-1.522-10.632-4.057 c-0.22-0.199-0.024-0.471,0.241-0.317c3.027,1.762,6.771,2.823,10.639,2.823c2.608,0,5.476-0.541,8.115-1.66 C20.739,18.62,21.072,19.051,20.683,19.339z M21.336,21.043c-0.194,0.163-0.379,0.076-0.293-0.139 c0.284-0.71,0.92-2.298,0.619-2.684c-0.301-0.386-1.99-0.183-2.749-0.092c-0.23,0.027-0.266-0.173-0.059-0.319 c1.348-0.946,3.555-0.673,3.811-0.356C22.925,17.773,22.599,19.986,21.336,21.043z\"><\/path><\/svg><span class=\"wp-block-social-link-label screen-reader-text\">Amazon<\/span><\/a><\/li><\/ul>\n\n\n\n<hr class=\"wp-block-separator has-alpha-channel-opacity\"\/>\n\n\n\n<p class=\"has-text-align-center\"><em>Folge mir auf Instagram um Neuigkeiten zu erfahren:<\/em><\/p>\n\n\n\n<ul class=\"wp-block-social-links is-content-justification-center is-layout-flex wp-container-core-social-links-is-layout-16018d1d wp-block-social-links-is-layout-flex\"><li class=\"wp-social-link wp-social-link-instagram  wp-block-social-link\"><a href=\"https:\/\/www.instagram.com\/wir.lesen.schmid\/\" class=\"wp-block-social-link-anchor\"><svg width=\"24\" height=\"24\" viewBox=\"0 0 24 24\" version=\"1.1\" xmlns=\"http:\/\/www.w3.org\/2000\/svg\" aria-hidden=\"true\" focusable=\"false\"><path d=\"M12,4.622c2.403,0,2.688,0.009,3.637,0.052c0.877,0.04,1.354,0.187,1.671,0.31c0.42,0.163,0.72,0.358,1.035,0.673 c0.315,0.315,0.51,0.615,0.673,1.035c0.123,0.317,0.27,0.794,0.31,1.671c0.043,0.949,0.052,1.234,0.052,3.637 s-0.009,2.688-0.052,3.637c-0.04,0.877-0.187,1.354-0.31,1.671c-0.163,0.42-0.358,0.72-0.673,1.035 c-0.315,0.315-0.615,0.51-1.035,0.673c-0.317,0.123-0.794,0.27-1.671,0.31c-0.949,0.043-1.233,0.052-3.637,0.052 s-2.688-0.009-3.637-0.052c-0.877-0.04-1.354-0.187-1.671-0.31c-0.42-0.163-0.72-0.358-1.035-0.673 c-0.315-0.315-0.51-0.615-0.673-1.035c-0.123-0.317-0.27-0.794-0.31-1.671C4.631,14.688,4.622,14.403,4.622,12 s0.009-2.688,0.052-3.637c0.04-0.877,0.187-1.354,0.31-1.671c0.163-0.42,0.358-0.72,0.673-1.035 c0.315-0.315,0.615-0.51,1.035-0.673c0.317-0.123,0.794-0.27,1.671-0.31C9.312,4.631,9.597,4.622,12,4.622 M12,3 C9.556,3,9.249,3.01,8.289,3.054C7.331,3.098,6.677,3.25,6.105,3.472C5.513,3.702,5.011,4.01,4.511,4.511 c-0.5,0.5-0.808,1.002-1.038,1.594C3.25,6.677,3.098,7.331,3.054,8.289C3.01,9.249,3,9.556,3,12c0,2.444,0.01,2.751,0.054,3.711 c0.044,0.958,0.196,1.612,0.418,2.185c0.23,0.592,0.538,1.094,1.038,1.594c0.5,0.5,1.002,0.808,1.594,1.038 c0.572,0.222,1.227,0.375,2.185,0.418C9.249,20.99,9.556,21,12,21s2.751-0.01,3.711-0.054c0.958-0.044,1.612-0.196,2.185-0.418 c0.592-0.23,1.094-0.538,1.594-1.038c0.5-0.5,0.808-1.002,1.038-1.594c0.222-0.572,0.375-1.227,0.418-2.185 C20.99,14.751,21,14.444,21,12s-0.01-2.751-0.054-3.711c-0.044-0.958-0.196-1.612-0.418-2.185c-0.23-0.592-0.538-1.094-1.038-1.594 c-0.5-0.5-1.002-0.808-1.594-1.038c-0.572-0.222-1.227-0.375-2.185-0.418C14.751,3.01,14.444,3,12,3L12,3z M12,7.378 c-2.552,0-4.622,2.069-4.622,4.622S9.448,16.622,12,16.622s4.622-2.069,4.622-4.622S14.552,7.378,12,7.378z M12,15 c-1.657,0-3-1.343-3-3s1.343-3,3-3s3,1.343,3,3S13.657,15,12,15z M16.804,6.116c-0.596,0-1.08,0.484-1.08,1.08 s0.484,1.08,1.08,1.08c0.596,0,1.08-0.484,1.08-1.08S17.401,6.116,16.804,6.116z\"><\/path><\/svg><span class=\"wp-block-social-link-label screen-reader-text\">Instagram<\/span><\/a><\/li><\/ul>\n","protected":false},"excerpt":{"rendered":"<p>Eine rote Ampel symbolisiert \u201eHalt!\u201c.Auch im Zusammenleben mit unseren Kindern stehen wir \u00f6fter an solch einer roten Ampel. Wir \u00e4rgern uns \u00fcber Dinge, die unsere Kinder tun oder eben nicht tun, \u00fcber ihre schulischen Leistungen und ihr Sozialverhalten. Dabei vergessen wir, welche Rolle WIR als Eltern bei dieser Entwicklung spielen. In einer Kindheit, die von [&hellip;]<\/p>\n","protected":false},"author":1,"featured_media":0,"parent":0,"menu_order":0,"comment_status":"closed","ping_status":"closed","template":"","meta":{"footnotes":""},"class_list":["post-41","page","type-page","status-publish","hentry"],"_links":{"self":[{"href":"https:\/\/www.wir-lesen-schmid.com\/index.php?rest_route=\/wp\/v2\/pages\/41","targetHints":{"allow":["GET"]}}],"collection":[{"href":"https:\/\/www.wir-lesen-schmid.com\/index.php?rest_route=\/wp\/v2\/pages"}],"about":[{"href":"https:\/\/www.wir-lesen-schmid.com\/index.php?rest_route=\/wp\/v2\/types\/page"}],"author":[{"embeddable":true,"href":"https:\/\/www.wir-lesen-schmid.com\/index.php?rest_route=\/wp\/v2\/users\/1"}],"replies":[{"embeddable":true,"href":"https:\/\/www.wir-lesen-schmid.com\/index.php?rest_route=%2Fwp%2Fv2%2Fcomments&post=41"}],"version-history":[{"count":19,"href":"https:\/\/www.wir-lesen-schmid.com\/index.php?rest_route=\/wp\/v2\/pages\/41\/revisions"}],"predecessor-version":[{"id":216,"href":"https:\/\/www.wir-lesen-schmid.com\/index.php?rest_route=\/wp\/v2\/pages\/41\/revisions\/216"}],"wp:attachment":[{"href":"https:\/\/www.wir-lesen-schmid.com\/index.php?rest_route=%2Fwp%2Fv2%2Fmedia&parent=41"}],"curies":[{"name":"wp","href":"https:\/\/api.w.org\/{rel}","templated":true}]}}