{"id":76,"date":"2022-07-06T18:59:42","date_gmt":"2022-07-06T16:59:42","guid":{"rendered":"http:\/\/www.wir-lesen-schmid.com\/?page_id=76"},"modified":"2022-12-16T15:57:47","modified_gmt":"2022-12-16T14:57:47","slug":"impressum","status":"publish","type":"page","link":"https:\/\/www.wir-lesen-schmid.com\/?page_id=76","title":{"rendered":"Impressum"},"content":{"rendered":"\n<p>Angaben gem\u00e4\u00df Informationspflicht laut \u00a75 E-Commerce Gesetz, \u00a714 Unternehmensgesetzbuch, \u00a763 Gewerbeordnung und Offenlegungspflicht laut \u00a725 Mediengesetz.<\/p>\n\n\n\n<p>&#8220;Wir lesen Schmid&#8221;<br>Stefanie Schmid<br>Wollmannsberg 56,\u00a0<br>2003 Leitzersdorf,\u00a0<br>\u00d6sterreich<\/p>\n\n\n\n<p>Bezirk Korneuburg; Nieder\u00f6sterreich<\/p>\n\n\n\n<p><strong>Unternehmensgegenstand:<\/strong>&nbsp;freier Autor<\/p>\n\n\n\n<p><strong>E-Mail:<\/strong>&nbsp;<a>wir.lesen.schmid@gmail.com<\/a><\/p>\n\n\n\n<p><strong>Verleihungsstaat:<\/strong>&nbsp;\u00d6sterreich<\/p>\n\n\n\n<p><\/p>\n\n\n\n<h2 class=\"wp-block-heading\" id=\"urheberrechtshinweis\">Urheberrechtshinweis<\/h2>\n\n\n\n<p>Alle Inhalte dieser Webseite (Bilder, Fotos, Texte, Videos) unterliegen dem Urheberrecht. Bitte fragen Sie uns bevor Sie die Inhalte dieser Website verbreiten, vervielf\u00e4ltigen oder verwerten wie zum Beispiel auf anderen Websites erneut ver\u00f6ffentlichen. Falls notwendig, werden wir die unerlaubte Nutzung von Teilen der Inhalte unserer Seite rechtlich verfolgen.<\/p>\n\n\n\n<p>Sollten Sie auf dieser Webseite Inhalte finden, die das Urheberrecht verletzen, bitten wir Sie uns zu kontaktieren.<\/p>\n\n\n\n<h2 class=\"wp-block-heading\" id=\"bildernachweis\">Bildernachweis<\/h2>\n\n\n\n<p>Die Bilder, Fotos und Grafiken auf dieser Webseite sind urheberrechtlich gesch\u00fctzt.<\/p>\n\n\n\n<p>Die Bilderrechte liegen bei:<\/p>\n\n\n\n<p>Stefanie Schmid (teilweise erstellt mit Canva Ltd.)<\/p>\n\n\n\n<p>Alle Texte sind urheberrechtlich gesch\u00fctzt.<\/p>\n\n\n\n<p>Quelle: Erstellt mit dem&nbsp;<a href=\"https:\/\/www.adsimple.at\/impressum-generator\/\">Impressum Generator<\/a>&nbsp;von AdSimple<\/p>\n","protected":false},"excerpt":{"rendered":"<p>Angaben gem\u00e4\u00df Informationspflicht laut \u00a75 E-Commerce Gesetz, \u00a714 Unternehmensgesetzbuch, \u00a763 Gewerbeordnung und Offenlegungspflicht laut \u00a725 Mediengesetz. &#8220;Wir lesen Schmid&#8221;Stefanie SchmidWollmannsberg 56,\u00a02003 Leitzersdorf,\u00a0\u00d6sterreich Bezirk Korneuburg; Nieder\u00f6sterreich Unternehmensgegenstand:&nbsp;freier Autor E-Mail:&nbsp;wir.lesen.schmid@gmail.com Verleihungsstaat:&nbsp;\u00d6sterreich Urheberrechtshinweis Alle Inhalte dieser Webseite (Bilder, Fotos, Texte, Videos) unterliegen dem Urheberrecht. Bitte fragen Sie uns bevor Sie die Inhalte dieser Website verbreiten, vervielf\u00e4ltigen oder verwerten [&hellip;]<\/p>\n","protected":false},"author":1,"featured_media":0,"parent":0,"menu_order":0,"comment_status":"closed","ping_status":"closed","template":"","meta":{"footnotes":""},"class_list":["post-76","page","type-page","status-publish","hentry"],"_links":{"self":[{"href":"https:\/\/www.wir-lesen-schmid.com\/index.php?rest_route=\/wp\/v2\/pages\/76","targetHints":{"allow":["GET"]}}],"collection":[{"href":"https:\/\/www.wir-lesen-schmid.com\/index.php?rest_route=\/wp\/v2\/pages"}],"about":[{"href":"https:\/\/www.wir-lesen-schmid.com\/index.php?rest_route=\/wp\/v2\/types\/page"}],"author":[{"embeddable":true,"href":"https:\/\/www.wir-lesen-schmid.com\/index.php?rest_route=\/wp\/v2\/users\/1"}],"replies":[{"embeddable":true,"href":"https:\/\/www.wir-lesen-schmid.com\/index.php?rest_route=%2Fwp%2Fv2%2Fcomments&post=76"}],"version-history":[{"count":3,"href":"https:\/\/www.wir-lesen-schmid.com\/index.php?rest_route=\/wp\/v2\/pages\/76\/revisions"}],"predecessor-version":[{"id":192,"href":"https:\/\/www.wir-lesen-schmid.com\/index.php?rest_route=\/wp\/v2\/pages\/76\/revisions\/192"}],"wp:attachment":[{"href":"https:\/\/www.wir-lesen-schmid.com\/index.php?rest_route=%2Fwp%2Fv2%2Fmedia&parent=76"}],"curies":[{"name":"wp","href":"https:\/\/api.w.org\/{rel}","templated":true}]}}